{"id":25942,"date":"2025-06-30T15:04:48","date_gmt":"2025-06-30T13:04:48","guid":{"rendered":"https:\/\/exclusive.gorla.ch\/car-wrapping\/cura-nei-dettagli\/"},"modified":"2025-11-13T16:55:19","modified_gmt":"2025-11-13T15:55:19","slug":"cura-nei-dettagli","status":"publish","type":"page","link":"http:\/\/exclusive.gorla.ch\/de\/car-wrapping\/cura-nei-dettagli\/","title":{"rendered":"Die Liebe zum Detail macht den Unterschied"},"content":{"rendered":"<div class=\"wpb-content-wrapper\">[vc_row et_full_width=&#8220;true&#8220; css=&#8220;.vc_custom_1750943225233{padding-left: 5% !important;background-color: #000000 !important;}&#8220;][vc_column][vc_empty_space][vc_column_text css=&#8220;&#8220;]\n<h2><span style=\"color: #f7f7f7;\">Sorgfalt im Detail macht den Unterschied<\/span><\/h2>\n[\/vc_column_text][vc_empty_space][\/vc_column][\/vc_row][vc_row css=&#8220;.vc_custom_1745495944872{margin-top: 25px !important;}&#8220;][vc_column width=&#8220;1\/2&#8243;][vc_single_image image=&#8220;25938&#8243; img_size=&#8220;full&#8220; css=&#8220;&#8220;][vc_empty_space][vc_row_inner][vc_column_inner width=&#8220;1\/2&#8243;][vc_btn title=&#8220;Was ist Car Wrapping?&#8220; color=&#8220;purple&#8220; align=&#8220;center&#8220; css=&#8220;&#8220; link=&#8220;url:https%3A%2F%2Fexclusive.gorla.ch%2Fcar-wrapping%2F|title:Car%20Wrapping&#8220;][\/vc_column_inner][vc_column_inner width=&#8220;1\/2&#8243;][vc_btn title=&#8220;Was kann gefoliert werden?&#8220; color=&#8220;purple&#8220; align=&#8220;center&#8220; css=&#8220;&#8220; link=&#8220;url:https%3A%2F%2Fexclusive.gorla.ch%2Fcar-wrapping%2Faltre-personalizzazioni%2F|title:Car%20Wrapping&#8220;][\/vc_column_inner][\/vc_row_inner][\/vc_column][vc_column width=&#8220;1\/2&#8243;][vc_column_text css=&#8220;&#8220;]Wenn Sie Gorla w\u00e4hlen, w\u00e4hlen Sie einen professionellen Service, der Pr\u00e4zision, Sicherheit und Verantwortung an erste Stelle setzt. <strong>Jede Arbeitsphase<\/strong>, vom Demontage bis zur Endbearbeitung, <strong>wird mit manic attention durchgef\u00fchrt, um ein perfektes Ergebnis zu garantieren, ohne Risiken f\u00fcr Ihr Fahrzeug<\/strong>.<\/p>\n<p>Wir verwenden konservative Techniken, vermeiden jegliche Schnitte an der Karosserie und \u00fcbernehmen jede Verantwortung bei versehentlichen Sch\u00e4den. <strong>Das Hauptziel ist es, Ihr Fahrzeug zu sch\u00fctzen, als w\u00e4re es unser eigenes.<\/strong>[\/vc_column_text][vc_column_text css=&#8220;&#8220;]\n<h5>Sorgf\u00e4ltige Demontage und Sicherheit<\/h5>\n<p>Demontage, die mit Sorgfalt durchgef\u00fchrt wird und Wiederherstellung des Fahrzeugs in den Originalzustand (einschlie\u00dflich eventueller Kalibrierungen von Sicherheitssystemen)<\/p>\n<h5>Erhaltener Lack<\/h5>\n<p>Keine Schnitte mit Cuttermessern an der Karosserie oder Dichtungen. Wir gehen keine Risiken ein, demontieren das Notwendige und verwenden konservative Techniken<\/p>\n<h5>Garantie<\/h5>\n<p>Im Falle eines Bruchs oder einer Besch\u00e4digung eines Teils w\u00e4hrend der Bearbeitung erfolgt der Ersatz auf unsere Kosten. Wir verwenden nur Originalteile[\/vc_column_text][\/vc_column][\/vc_row][vc_row][vc_column][vc_empty_space][\/vc_column][\/vc_row]\n<\/div>","protected":false},"excerpt":{"rendered":"<p>[vc_row et_full_width=&#8220;true&#8220; css=&#8220;.vc_custom_1750943225233{padding-left: 5% !important;background-color: #000000 !important;}&#8220;][vc_column][vc_empty_space][vc_column_text css=&#8220;&#8220;] Sorgfalt im Detail macht den Unterschied [\/vc_column_text][vc_empty_space][\/vc_column][\/vc_row][vc_row css=&#8220;.vc_custom_1745495944872{margin-top: 25px !important;}&#8220;][vc_column width=&#8220;1\/2&#8243;][vc_single_image image=&#8220;25938&#8243; img_size=&#8220;full&#8220; css=&#8220;&#8220;][vc_empty_space][vc_row_inner][vc_column_inner width=&#8220;1\/2&#8243;][vc_btn title=&#8220;Was ist Car Wrapping?&#8220; color=&#8220;purple&#8220; align=&#8220;center&#8220; css=&#8220;&#8220; link=&#8220;url:https%3A%2F%2Fexclusive.gorla.ch%2Fcar-wrapping%2F|title:Car%20Wrapping&#8220;][\/vc_column_inner][vc_column_inner width=&#8220;1\/2&#8243;][vc_btn title=&#8220;Was kann gefoliert werden?&#8220; color=&#8220;purple&#8220; align=&#8220;center&#8220; css=&#8220;&#8220; link=&#8220;url:https%3A%2F%2Fexclusive.gorla.ch%2Fcar-wrapping%2Faltre-personalizzazioni%2F|title:Car%20Wrapping&#8220;][\/vc_column_inner][\/vc_row_inner][\/vc_column][vc_column width=&#8220;1\/2&#8243;][vc_column_text css=&#8220;&#8220;]Wenn Sie Gorla w\u00e4hlen, w\u00e4hlen Sie einen professionellen Service, [&hellip;]<\/p>\n","protected":false},"author":1,"featured_media":0,"parent":25923,"menu_order":0,"comment_status":"closed","ping_status":"closed","template":"","meta":{"footnotes":""},"class_list":["post-25942","page","type-page","status-publish","hentry"],"yoast_head":"<!-- This site is optimized with the Yoast SEO plugin v27.0 - https:\/\/yoast.com\/product\/yoast-seo-wordpress\/ -->\n<title>Die Liebe zum Detail macht den Unterschied - Gorla Exclusive Wrap<\/title>\n<meta name=\"robots\" content=\"index, follow, max-snippet:-1, max-image-preview:large, max-video-preview:-1\" \/>\n<link rel=\"canonical\" href=\"http:\/\/exclusive.gorla.ch\/de\/car-wrapping\/cura-nei-dettagli\/\" \/>\n<meta property=\"og:locale\" content=\"de_DE\" \/>\n<meta property=\"og:type\" content=\"article\" \/>\n<meta property=\"og:title\" content=\"Die Liebe zum Detail macht den Unterschied - Gorla Exclusive Wrap\" \/>\n<meta property=\"og:description\" content=\"[vc_row et_full_width=&#8220;true&#8220; css=&#8220;.vc_custom_1750943225233{padding-left: 5% !important;background-color: #000000 !important;}&#8220;][vc_column][vc_empty_space][vc_column_text css=&#8220;&#8220;] Sorgfalt im Detail macht den Unterschied [\/vc_column_text][vc_empty_space][\/vc_column][\/vc_row][vc_row css=&#8220;.vc_custom_1745495944872{margin-top: 25px !important;}&#8220;][vc_column width=&#8220;1\/2&#8243;][vc_single_image image=&#8220;25938&#8243; img_size=&#8220;full&#8220; css=&#8220;&#8220;][vc_empty_space][vc_row_inner][vc_column_inner width=&#8220;1\/2&#8243;][vc_btn title=&#8220;Was ist Car Wrapping?&#8220; color=&#8220;purple&#8220; align=&#8220;center&#8220; css=&#8220;&#8220; link=&#8220;url:https%3A%2F%2Fexclusive.gorla.ch%2Fcar-wrapping%2F|title:Car%20Wrapping&#8220;][\/vc_column_inner][vc_column_inner width=&#8220;1\/2&#8243;][vc_btn title=&#8220;Was kann gefoliert werden?&#8220; color=&#8220;purple&#8220; align=&#8220;center&#8220; css=&#8220;&#8220; link=&#8220;url:https%3A%2F%2Fexclusive.gorla.ch%2Fcar-wrapping%2Faltre-personalizzazioni%2F|title:Car%20Wrapping&#8220;][\/vc_column_inner][\/vc_row_inner][\/vc_column][vc_column width=&#8220;1\/2&#8243;][vc_column_text css=&#8220;&#8220;]Wenn Sie Gorla w\u00e4hlen, w\u00e4hlen Sie einen professionellen Service, [&hellip;]\" \/>\n<meta property=\"og:url\" content=\"http:\/\/exclusive.gorla.ch\/de\/car-wrapping\/cura-nei-dettagli\/\" \/>\n<meta property=\"og:site_name\" content=\"Gorla Exclusive Wrap\" \/>\n<meta property=\"article:modified_time\" content=\"2025-11-13T15:55:19+00:00\" \/>\n<meta name=\"twitter:card\" content=\"summary_large_image\" \/>\n<meta name=\"twitter:label1\" content=\"Gesch\u00e4tzte Lesezeit\" \/>\n\t<meta name=\"twitter:data1\" content=\"1\u00a0Minute\" \/>\n<script type=\"application\/ld+json\" class=\"yoast-schema-graph\">{\"@context\":\"https:\/\/schema.org\",\"@graph\":[{\"@type\":\"WebPage\",\"@id\":\"http:\/\/exclusive.gorla.ch\/de\/car-wrapping\/cura-nei-dettagli\/\",\"url\":\"http:\/\/exclusive.gorla.ch\/de\/car-wrapping\/cura-nei-dettagli\/\",\"name\":\"Die Liebe zum Detail macht den Unterschied - Gorla Exclusive Wrap\",\"isPartOf\":{\"@id\":\"https:\/\/exclusive.gorla.ch\/de\/#website\"},\"datePublished\":\"2025-06-30T13:04:48+00:00\",\"dateModified\":\"2025-11-13T15:55:19+00:00\",\"breadcrumb\":{\"@id\":\"http:\/\/exclusive.gorla.ch\/de\/car-wrapping\/cura-nei-dettagli\/#breadcrumb\"},\"inLanguage\":\"de\",\"potentialAction\":[{\"@type\":\"ReadAction\",\"target\":[\"http:\/\/exclusive.gorla.ch\/de\/car-wrapping\/cura-nei-dettagli\/\"]}]},{\"@type\":\"BreadcrumbList\",\"@id\":\"http:\/\/exclusive.gorla.ch\/de\/car-wrapping\/cura-nei-dettagli\/#breadcrumb\",\"itemListElement\":[{\"@type\":\"ListItem\",\"position\":1,\"name\":\"Home\",\"item\":\"https:\/\/exclusive.gorla.ch\/de\/\"},{\"@type\":\"ListItem\",\"position\":2,\"name\":\"Car Wrapping\",\"item\":\"https:\/\/exclusive.gorla.ch\/de\/car-wrapping\/\"},{\"@type\":\"ListItem\",\"position\":3,\"name\":\"Die Liebe zum Detail macht den Unterschied\"}]},{\"@type\":\"WebSite\",\"@id\":\"https:\/\/exclusive.gorla.ch\/de\/#website\",\"url\":\"https:\/\/exclusive.gorla.ch\/de\/\",\"name\":\"Gorla Exclusive Wrap\",\"description\":\"\",\"potentialAction\":[{\"@type\":\"SearchAction\",\"target\":{\"@type\":\"EntryPoint\",\"urlTemplate\":\"https:\/\/exclusive.gorla.ch\/de\/?s={search_term_string}\"},\"query-input\":{\"@type\":\"PropertyValueSpecification\",\"valueRequired\":true,\"valueName\":\"search_term_string\"}}],\"inLanguage\":\"de\"}]}<\/script>\n<!-- \/ Yoast SEO plugin. -->","yoast_head_json":{"title":"Die Liebe zum Detail macht den Unterschied - Gorla Exclusive Wrap","robots":{"index":"index","follow":"follow","max-snippet":"max-snippet:-1","max-image-preview":"max-image-preview:large","max-video-preview":"max-video-preview:-1"},"canonical":"http:\/\/exclusive.gorla.ch\/de\/car-wrapping\/cura-nei-dettagli\/","og_locale":"de_DE","og_type":"article","og_title":"Die Liebe zum Detail macht den Unterschied - Gorla Exclusive Wrap","og_description":"[vc_row et_full_width=&#8220;true&#8220; css=&#8220;.vc_custom_1750943225233{padding-left: 5% !important;background-color: #000000 !important;}&#8220;][vc_column][vc_empty_space][vc_column_text css=&#8220;&#8220;] Sorgfalt im Detail macht den Unterschied [\/vc_column_text][vc_empty_space][\/vc_column][\/vc_row][vc_row css=&#8220;.vc_custom_1745495944872{margin-top: 25px !important;}&#8220;][vc_column width=&#8220;1\/2&#8243;][vc_single_image image=&#8220;25938&#8243; img_size=&#8220;full&#8220; css=&#8220;&#8220;][vc_empty_space][vc_row_inner][vc_column_inner width=&#8220;1\/2&#8243;][vc_btn title=&#8220;Was ist Car Wrapping?&#8220; color=&#8220;purple&#8220; align=&#8220;center&#8220; css=&#8220;&#8220; link=&#8220;url:https%3A%2F%2Fexclusive.gorla.ch%2Fcar-wrapping%2F|title:Car%20Wrapping&#8220;][\/vc_column_inner][vc_column_inner width=&#8220;1\/2&#8243;][vc_btn title=&#8220;Was kann gefoliert werden?&#8220; color=&#8220;purple&#8220; align=&#8220;center&#8220; css=&#8220;&#8220; link=&#8220;url:https%3A%2F%2Fexclusive.gorla.ch%2Fcar-wrapping%2Faltre-personalizzazioni%2F|title:Car%20Wrapping&#8220;][\/vc_column_inner][\/vc_row_inner][\/vc_column][vc_column width=&#8220;1\/2&#8243;][vc_column_text css=&#8220;&#8220;]Wenn Sie Gorla w\u00e4hlen, w\u00e4hlen Sie einen professionellen Service, [&hellip;]","og_url":"http:\/\/exclusive.gorla.ch\/de\/car-wrapping\/cura-nei-dettagli\/","og_site_name":"Gorla Exclusive Wrap","article_modified_time":"2025-11-13T15:55:19+00:00","twitter_card":"summary_large_image","twitter_misc":{"Gesch\u00e4tzte Lesezeit":"1\u00a0Minute"},"schema":{"@context":"https:\/\/schema.org","@graph":[{"@type":"WebPage","@id":"http:\/\/exclusive.gorla.ch\/de\/car-wrapping\/cura-nei-dettagli\/","url":"http:\/\/exclusive.gorla.ch\/de\/car-wrapping\/cura-nei-dettagli\/","name":"Die Liebe zum Detail macht den Unterschied - Gorla Exclusive Wrap","isPartOf":{"@id":"https:\/\/exclusive.gorla.ch\/de\/#website"},"datePublished":"2025-06-30T13:04:48+00:00","dateModified":"2025-11-13T15:55:19+00:00","breadcrumb":{"@id":"http:\/\/exclusive.gorla.ch\/de\/car-wrapping\/cura-nei-dettagli\/#breadcrumb"},"inLanguage":"de","potentialAction":[{"@type":"ReadAction","target":["http:\/\/exclusive.gorla.ch\/de\/car-wrapping\/cura-nei-dettagli\/"]}]},{"@type":"BreadcrumbList","@id":"http:\/\/exclusive.gorla.ch\/de\/car-wrapping\/cura-nei-dettagli\/#breadcrumb","itemListElement":[{"@type":"ListItem","position":1,"name":"Home","item":"https:\/\/exclusive.gorla.ch\/de\/"},{"@type":"ListItem","position":2,"name":"Car Wrapping","item":"https:\/\/exclusive.gorla.ch\/de\/car-wrapping\/"},{"@type":"ListItem","position":3,"name":"Die Liebe zum Detail macht den Unterschied"}]},{"@type":"WebSite","@id":"https:\/\/exclusive.gorla.ch\/de\/#website","url":"https:\/\/exclusive.gorla.ch\/de\/","name":"Gorla Exclusive Wrap","description":"","potentialAction":[{"@type":"SearchAction","target":{"@type":"EntryPoint","urlTemplate":"https:\/\/exclusive.gorla.ch\/de\/?s={search_term_string}"},"query-input":{"@type":"PropertyValueSpecification","valueRequired":true,"valueName":"search_term_string"}}],"inLanguage":"de"}]}},"_links":{"self":[{"href":"http:\/\/exclusive.gorla.ch\/de\/wp-json\/wp\/v2\/pages\/25942","targetHints":{"allow":["GET"]}}],"collection":[{"href":"http:\/\/exclusive.gorla.ch\/de\/wp-json\/wp\/v2\/pages"}],"about":[{"href":"http:\/\/exclusive.gorla.ch\/de\/wp-json\/wp\/v2\/types\/page"}],"author":[{"embeddable":true,"href":"http:\/\/exclusive.gorla.ch\/de\/wp-json\/wp\/v2\/users\/1"}],"replies":[{"embeddable":true,"href":"http:\/\/exclusive.gorla.ch\/de\/wp-json\/wp\/v2\/comments?post=25942"}],"version-history":[{"count":3,"href":"http:\/\/exclusive.gorla.ch\/de\/wp-json\/wp\/v2\/pages\/25942\/revisions"}],"predecessor-version":[{"id":25949,"href":"http:\/\/exclusive.gorla.ch\/de\/wp-json\/wp\/v2\/pages\/25942\/revisions\/25949"}],"up":[{"embeddable":true,"href":"http:\/\/exclusive.gorla.ch\/de\/wp-json\/wp\/v2\/pages\/25923"}],"wp:attachment":[{"href":"http:\/\/exclusive.gorla.ch\/de\/wp-json\/wp\/v2\/media?parent=25942"}],"curies":[{"name":"wp","href":"https:\/\/api.w.org\/{rel}","templated":true}]}}